{"id":379,"date":"2024-06-11T02:59:40","date_gmt":"2024-06-11T02:59:40","guid":{"rendered":"https:\/\/cicutarecords.com\/shop\/wp\/?post_type=product&#038;p=379"},"modified":"2025-02-25T21:40:39","modified_gmt":"2025-02-25T21:40:39","slug":"curso-de-masterizacion-digital","status":"publish","type":"product","link":"https:\/\/cicutarecords.com\/shop\/wp\/producto\/curso-de-masterizacion-digital\/","title":{"rendered":"Curso de Masterizaci\u00f3n Digital"},"content":{"rendered":"<hr \/>\n<section class=\"objetivo vp-1300-main\">\n<h2>Objetivo<\/h2>\n<p>Aprende las mejores t\u00e9cnicas, procesos y secretos para realizar una masterizaci\u00f3n digital de un \u00e1lbum o tema individual.<\/p>\n<p>Adquiere los conocimientos necesarios para realizar de manera eficaz la masterizaci\u00f3n digital de un \u00e1lbum o tema individual, dominar\u00e1s las herramientas necesarias, plugins y las t\u00e9cnicas m\u00e1s creativas para dicha tarea.<\/p>\n<hr \/>\n<section class=\"objetivo vp-1300-main\">\n&nbsp;<br \/>\n<strong>INSTRUCTOR: PEPE ORTEGA &#8211; AVID EXPERT CERTIFIED<\/strong><br \/>\n&nbsp;<br \/>\n<\/section>\n<hr \/>\n<\/section>\n<section class=\"aprenderas vp-1300-main\">\n<h2>Lo que aprender\u00e1s<\/h2>\n<ul>\n<li><i class=\"fas fa-check\"><\/i>\n<p class=\"bajo\">Los nuevos lineamientos en la industria del audio digital para poder finalizar tus producciones, optimizando el material para su uso en plataformas digitales, tanto libres, como de comercializaci\u00f3n.<\/p>\n<\/li>\n<li><i class=\"fas fa-check\"><\/i>\n<p class=\"bajo\">Veremos las etapas de producci\u00f3n y preparaci\u00f3n previa a la masterizaci\u00f3n.<\/p>\n<\/li>\n<li><i class=\"fas fa-check\"><\/i>\n<p class=\"bajo\">Importancia de la fase, analizadores de espectro, reverberaci\u00f3n y usos.<\/p>\n<\/li>\n<li><i class=\"fas fa-check\"><\/i>\n<p class=\"bajo\">Usos de la compresi\u00f3n en serie y paralela en masterizaci\u00f3n, limitadores, maximizers y medidores a tomar en cuenta.<\/p>\n<\/li>\n<li><i class=\"fas fa-check\"><\/i>\n<p class=\"bajo\">Emulaci\u00f3n de cinta an\u00e1loga, exitadores aurales y comprobaci\u00f3n mediante LEVELS.<\/p>\n<\/li>\n<li><i class=\"fas fa-check\"><\/i>\n<p class=\"bajo\">Formatos finales, est\u00e1ndares de plataformas digitales, uso de \u00abexpose\u00bb como heramienta.<\/p>\n<\/li>\n<\/ul>\n<\/section>\n<p>&nbsp;<\/p>\n<hr \/>\n<section class=\"para-quien vp-1300-main\">\n<h2>\u00bfPara qui\u00e9n es el curso?<\/h2>\n<div class=\"caja\">\n<div>\n<p><i class=\"fas fa-user-check\"><\/i>Productores e ingenieros de audio.<\/p>\n<\/div>\n<div>\n<p><i class=\"fas fa-user-check\"><\/i>M\u00fasicos que quieran lograr finalizar de forma profesional sus mezclas y producciones.<\/p>\n<\/div>\n<div>\n<p><i class=\"fas fa-user-check\"><\/i><br \/>\nEstudiantes de audio que quieren dominar la masterizaci\u00f3n de una producci\u00f3n.\n<\/div>\n<\/div>\n<\/section>\n<p>&nbsp;<\/p>\n<hr \/>\n<section class=\" clase1 vp-1300-main\">\n<h2>\u00a1 PRIMERA CLASE GRATIS !<\/h2>\n<div><img decoding=\"async\" src=\"https:\/\/cicutarecords.com\/img\/Video-fondo.jpg\" alt=\"Black\" \/><\/p>\n<p><iframe src=\"https:\/\/www.youtube.com\/embed\/Y6uyVVYy8dU\" frameborder=\"0\" allow=\"accelerometer; encrypted-media; gyroscope; picture-in-picture\" allowfullscreen=\"\"><\/iframe><\/div>\n<p>&nbsp;<\/p>\n<hr \/>\n<\/section>\n<section class=\"requisitos vp-1300-main\">\n<h2>Requisitos<\/h2>\n<ul>\n<li><i class=\"fas fa-thumbtack\"><\/i>\n<p class=\"bajo\">Conocimientos b\u00e1sicos de computaci\u00f3n.<\/p>\n<\/li>\n<li><i class=\"fas fa-thumbtack\"><\/i>\n<p class=\"bajo\">Manejo b\u00e1sico de cualquier software de audio (DAW).<\/p>\n<\/li>\n<\/ul>\n<\/section>\n<p>&nbsp;<\/p>\n<hr \/>\n","protected":false},"excerpt":{"rendered":"<p class=\"bajo\">Adquiere los conocimientos necesarios para realizar de manera eficaz la masterizaci\u00f3n digital de un \u00e1lbum o tema individual, dominar\u00e1s las herramientas necesarias, plugins y las t\u00e9cnicas m\u00e1s creativas para dicha tarea.<\/p>\n","protected":false},"featured_media":380,"template":"","meta":[],"product_brand":[],"product_cat":[20],"product_tag":[22],"class_list":{"0":"post-379","1":"product","2":"type-product","3":"status-publish","4":"has-post-thumbnail","6":"product_cat-temas","7":"product_tag-audio","9":"first","10":"instock","11":"virtual","12":"sold-individually","13":"taxable","14":"purchasable","15":"product-type-simple"},"_links":{"self":[{"href":"https:\/\/cicutarecords.com\/shop\/wp\/wp-json\/wp\/v2\/product\/379","targetHints":{"allow":["GET"]}}],"collection":[{"href":"https:\/\/cicutarecords.com\/shop\/wp\/wp-json\/wp\/v2\/product"}],"about":[{"href":"https:\/\/cicutarecords.com\/shop\/wp\/wp-json\/wp\/v2\/types\/product"}],"wp:featuredmedia":[{"embeddable":true,"href":"https:\/\/cicutarecords.com\/shop\/wp\/wp-json\/wp\/v2\/media\/380"}],"wp:attachment":[{"href":"https:\/\/cicutarecords.com\/shop\/wp\/wp-json\/wp\/v2\/media?parent=379"}],"wp:term":[{"taxonomy":"product_brand","embeddable":true,"href":"https:\/\/cicutarecords.com\/shop\/wp\/wp-json\/wp\/v2\/product_brand?post=379"},{"taxonomy":"product_cat","embeddable":true,"href":"https:\/\/cicutarecords.com\/shop\/wp\/wp-json\/wp\/v2\/product_cat?post=379"},{"taxonomy":"product_tag","embeddable":true,"href":"https:\/\/cicutarecords.com\/shop\/wp\/wp-json\/wp\/v2\/product_tag?post=379"}],"curies":[{"name":"wp","href":"https:\/\/api.w.org\/{rel}","templated":true}]}}